{"id":5395,"date":"2025-03-22T11:08:06","date_gmt":"2025-03-22T10:08:06","guid":{"rendered":"https:\/\/emmanuel-cattier.fr\/?page_id=5395"},"modified":"2025-07-12T16:04:10","modified_gmt":"2025-07-12T14:04:10","slug":"quoiwhat","status":"publish","type":"page","link":"https:\/\/emmanuel-cattier.fr\/index.php\/quoiwhat\/","title":{"rendered":"QuoiWhat"},"content":{"rendered":"\t\t<div data-elementor-type=\"wp-page\" data-elementor-id=\"5395\" class=\"elementor elementor-5395\">\n\t\t\t\t<div class=\"elementor-element elementor-element-ded2407 e-flex e-con-boxed e-con e-parent\" data-id=\"ded2407\" data-element_type=\"container\" data-e-type=\"container\">\n\t\t\t\t\t<div class=\"e-con-inner\">\n\t\t\t\t<div class=\"elementor-element elementor-element-81b3f36 elementor-widget elementor-widget-text-editor\" data-id=\"81b3f36\" data-element_type=\"widget\" data-e-type=\"widget\" data-widget_type=\"text-editor.default\">\n\t\t\t\t<div class=\"elementor-widget-container\">\n\t\t\t\t\t\t\t\t\t<p><a href=\"https:\/\/emmanuel-cattier.fr\/index.php\/preferees\/\">Mes pr\u00e9f\u00e9r\u00e9es<\/a> \u00a0 \u00a0\u00a0<a href=\"https:\/\/emmanuel-cattier.fr\/index.php\/lieux\/\">Lieux ~ Places<\/a> \u00a0\u00a0 <a href=\"https:\/\/emmanuel-cattier.fr\/index.php\/paysages\/\">Paysages<\/a> \u00a0 \u00a0 <a href=\"https:\/\/emmanuel-cattier.fr\/index.php\/fleurs\/\">Fleurs<\/a>\u00a0\u00a0 <a href=\"https:\/\/emmanuel-cattier.fr\/index.php\/thoiseaux\/\">Oiseaux<\/a> \u00a0 \u00a0 <a href=\"https:\/\/emmanuel-cattier.fr\/index.php\/thanimaux\/\">Animaux<\/a>\u00a0\u00a0 \u00a0\u00a0<a href=\"https:\/\/emmanuel-cattier.fr\/index.php\/thsecretsnature\/\">Secrets de la nature<\/a>\u00a0 \u00a0 \u00a0<a href=\"https:\/\/emmanuel-cattier.fr\/index.php\/thevenements\/\">Ev\u00e9nements<\/a> \u00a0 \u00a0 <a href=\"https:\/\/emmanuel-cattier.fr\/index.php\/menu\/\">Retour Back<\/a><\/p>\t\t\t\t\t\t\t\t<\/div>\n\t\t\t\t<\/div>\n\t\t\t\t\t<\/div>\n\t\t\t\t<\/div>\n\t\t<div class=\"elementor-element elementor-element-494edc6a e-flex e-con-boxed e-con e-parent\" data-id=\"494edc6a\" data-element_type=\"container\" data-e-type=\"container\">\n\t\t\t\t\t<div class=\"e-con-inner\">\n\t\t\t\t<div class=\"elementor-element elementor-element-691075cc elementor-widget elementor-widget-text-editor\" data-id=\"691075cc\" data-element_type=\"widget\" data-e-type=\"widget\" data-widget_type=\"text-editor.default\">\n\t\t\t\t<div class=\"elementor-widget-container\">\n\t\t\t\t\t\t\t\t\t<p><em>Photographies d&rsquo;Emmanuel Cattier<\/em><\/p>\t\t\t\t\t\t\t\t<\/div>\n\t\t\t\t<\/div>\n\t\t\t\t\t<\/div>\n\t\t\t\t<\/div>\n\t\t<div class=\"elementor-element elementor-element-75d1216c e-flex e-con-boxed e-con e-parent\" data-id=\"75d1216c\" data-element_type=\"container\" data-e-type=\"container\">\n\t\t\t\t\t<div class=\"e-con-inner\">\n\t\t\t\t<div class=\"elementor-element elementor-element-17760451 elementor-widget elementor-widget-image\" data-id=\"17760451\" data-element_type=\"widget\" data-e-type=\"widget\" data-widget_type=\"image.default\">\n\t\t\t\t<div class=\"elementor-widget-container\">\n\t\t\t\t\t\t\t\t\t\t\t\t<figure class=\"wp-caption\">\n\t\t\t\t\t\t\t\t\t\t\t<a href=\"https:\/\/emmanuel-cattier.fr\/index.php\/preferees\/\">\n\t\t\t\t\t\t\t<img fetchpriority=\"high\" decoding=\"async\" width=\"750\" height=\"405\" src=\"https:\/\/emmanuel-cattier.fr\/wp-content\/uploads\/2025\/01\/2019-12-05-356532-Romanswiller-1024x553.jpg\" class=\"attachment-large size-large wp-image-4523\" alt=\"\" srcset=\"https:\/\/emmanuel-cattier.fr\/wp-content\/uploads\/2025\/01\/2019-12-05-356532-Romanswiller-1024x553.jpg 1024w, https:\/\/emmanuel-cattier.fr\/wp-content\/uploads\/2025\/01\/2019-12-05-356532-Romanswiller-300x162.jpg 300w, https:\/\/emmanuel-cattier.fr\/wp-content\/uploads\/2025\/01\/2019-12-05-356532-Romanswiller-768x415.jpg 768w, https:\/\/emmanuel-cattier.fr\/wp-content\/uploads\/2025\/01\/2019-12-05-356532-Romanswiller.jpg 1481w\" sizes=\"(max-width: 750px) 100vw, 750px\" style=\"width:100%;height:54.02%;max-width:1481px\" \/>\t\t\t\t\t\t\t\t<\/a>\n\t\t\t\t\t\t\t\t\t\t\t<figcaption class=\"widget-image-caption wp-caption-text\">\u00a9 All Rights Reserved - 2019-12-05 08:38:03 f\/4 1\/170sec ISO-200 18.5mm - France, Alsace, Romanswiller<\/figcaption>\n\t\t\t\t\t\t\t\t\t\t<\/figure>\n\t\t\t\t\t\t\t\t\t<\/div>\n\t\t\t\t<\/div>\n\t\t\t\t\t<\/div>\n\t\t\t\t<\/div>\n\t\t\t\t<\/div>\n\t\t","protected":false},"excerpt":{"rendered":"<p>Mes pr\u00e9f\u00e9r\u00e9es \u00a0 \u00a0\u00a0Lieux ~ Places \u00a0\u00a0 Paysages \u00a0 \u00a0 Fleurs\u00a0\u00a0 Oiseaux \u00a0 \u00a0 Animaux\u00a0\u00a0 \u00a0\u00a0Secrets de la nature\u00a0 \u00a0 \u00a0Ev\u00e9nements \u00a0 \u00a0 Retour Back Photographies d&rsquo;Emmanuel Cattier \u00a9 All Rights Reserved &#8211; 2019-12-05 08:38:03 f\/4 1\/170sec ISO-200 18.5mm &#8211; France, Alsace, Romanswiller<\/p>\n","protected":false},"author":2,"featured_media":0,"parent":0,"menu_order":0,"comment_status":"closed","ping_status":"closed","template":"elementor_canvas","meta":{"footnotes":""},"class_list":["post-5395","page","type-page","status-publish","hentry","entry"],"_links":{"self":[{"href":"https:\/\/emmanuel-cattier.fr\/index.php\/wp-json\/wp\/v2\/pages\/5395","targetHints":{"allow":["GET"]}}],"collection":[{"href":"https:\/\/emmanuel-cattier.fr\/index.php\/wp-json\/wp\/v2\/pages"}],"about":[{"href":"https:\/\/emmanuel-cattier.fr\/index.php\/wp-json\/wp\/v2\/types\/page"}],"author":[{"embeddable":true,"href":"https:\/\/emmanuel-cattier.fr\/index.php\/wp-json\/wp\/v2\/users\/2"}],"replies":[{"embeddable":true,"href":"https:\/\/emmanuel-cattier.fr\/index.php\/wp-json\/wp\/v2\/comments?post=5395"}],"version-history":[{"count":28,"href":"https:\/\/emmanuel-cattier.fr\/index.php\/wp-json\/wp\/v2\/pages\/5395\/revisions"}],"predecessor-version":[{"id":6766,"href":"https:\/\/emmanuel-cattier.fr\/index.php\/wp-json\/wp\/v2\/pages\/5395\/revisions\/6766"}],"wp:attachment":[{"href":"https:\/\/emmanuel-cattier.fr\/index.php\/wp-json\/wp\/v2\/media?parent=5395"}],"curies":[{"name":"wp","href":"https:\/\/api.w.org\/{rel}","templated":true}]}}