{"id":5204,"date":"2025-03-11T13:25:36","date_gmt":"2025-03-11T12:25:36","guid":{"rendered":"https:\/\/emmanuel-cattier.fr\/?page_id=5204"},"modified":"2025-03-22T11:57:05","modified_gmt":"2025-03-22T10:57:05","slug":"equipement","status":"publish","type":"page","link":"https:\/\/emmanuel-cattier.fr\/index.php\/equipement\/","title":{"rendered":"Equipement"},"content":{"rendered":"\t\t<div data-elementor-type=\"wp-page\" data-elementor-id=\"5204\" class=\"elementor elementor-5204\">\n\t\t\t\t<div class=\"elementor-element elementor-element-5aa473d3 e-grid e-con-boxed e-con e-parent\" data-id=\"5aa473d3\" data-element_type=\"container\" data-e-type=\"container\">\n\t\t\t\t\t<div class=\"e-con-inner\">\n\t\t<div class=\"elementor-element elementor-element-74d951b7 e-con-full e-flex e-con e-child\" data-id=\"74d951b7\" data-element_type=\"container\" data-e-type=\"container\">\n\t\t\t\t<div class=\"elementor-element elementor-element-5ad32034 elementor-widget elementor-widget-text-editor\" data-id=\"5ad32034\" data-element_type=\"widget\" data-e-type=\"widget\" data-widget_type=\"text-editor.default\">\n\t\t\t\t<div class=\"elementor-widget-container\">\n\t\t\t\t\t\t\t\t\t<p>Moyens techniques<\/p>\t\t\t\t\t\t\t\t<\/div>\n\t\t\t\t<\/div>\n\t\t\t\t<\/div>\n\t\t\t\t<div class=\"elementor-element elementor-element-2b11f885 elementor-widget elementor-widget-heading\" data-id=\"2b11f885\" data-element_type=\"widget\" data-e-type=\"widget\" data-widget_type=\"heading.default\">\n\t\t\t\t<div class=\"elementor-widget-container\">\n\t\t\t\t\t<h2 class=\"elementor-heading-title elementor-size-default\"><a href=\"https:\/\/emmanuel-cattier.fr\/index.php\/a-propos-de\/\">\u0152il et Lumi\u00e8re<\/a><\/h2>\t\t\t\t<\/div>\n\t\t\t\t<\/div>\n\t\t\t\t\t<\/div>\n\t\t\t\t<\/div>\n\t\t<div class=\"elementor-element elementor-element-4f1a0dd9 e-flex e-con-boxed e-con e-parent\" data-id=\"4f1a0dd9\" data-element_type=\"container\" data-e-type=\"container\">\n\t\t\t\t\t<div class=\"e-con-inner\">\n\t\t\t\t\t<\/div>\n\t\t\t\t<\/div>\n\t\t<div class=\"elementor-element elementor-element-89bdc19 e-flex e-con-boxed e-con e-parent\" data-id=\"89bdc19\" data-element_type=\"container\" data-e-type=\"container\">\n\t\t\t\t\t<div class=\"e-con-inner\">\n\t\t\t\t<div class=\"elementor-element elementor-element-e149d17 elementor-widget elementor-widget-text-editor\" data-id=\"e149d17\" data-element_type=\"widget\" data-e-type=\"widget\" data-widget_type=\"text-editor.default\">\n\t\t\t\t<div class=\"elementor-widget-container\">\n\t\t\t\t\t\t\t\t\t<p>Les diapositives des <strong>ann\u00e9es 1980<\/strong> furent prises avec des appareils Nikon FM et FE et les objectifs Nikkor 24mm F2.8, 50mm F2 et 135mm F2.8. Ces diapositives Ektachrome furent d\u00e9velopp\u00e9es manuellement dans mon laboratoire photo avec le proc\u00e9d\u00e9 Kodak E6. Elles furent num\u00e9ris\u00e9es\u00a0 par reproduction avec un boitier Canon R6 et un objectif Laowa 85mm f5.6.<\/p><p>De <strong>2009 \u00e0 novembre 2013<\/strong> les photos furent prises, toujours au format raw, avec un Canon EOS 1000D et les objectifs EF 28-80 F3.5-5.6 et 75-300 F4-5.6, et EF-S 18-55 F3.5-5.6 II. <br \/>Le logiciel de d\u00e9veloppement fut le Canon DPP, puis Lightroom.<\/p><p>De <strong>novembre 2013 \u00e0 avril 2021<\/strong>, les photos furent prises, toujours au format raw, avec un Canon EOS 6D et les objectifs Canon EF 28-80 F3.5-5.6, EF 75-300 F4-5.6, progressivement abandonn\u00e9s pour les objectifs EF 17-40 F4, EF 100-400 F4.5-5.6 II, EF 40 F2.8, EF 50 F1.8, Tamron 24-70 F2.8, Sigma 105 F2.8. <br \/>Elles furent d\u00e9velopp\u00e9es, successivement avec Lightroom, rapidement abandonn\u00e9 pour Capture One et DXO photolab 5 pour les photos en tr\u00e8s basse lumi\u00e8re et sa fonctionnalit\u00e9 DeepPrime de r\u00e9duction de bruit.<\/p><p><strong>A partir de janvier 2017<\/strong> les photos prises avec une focale de 18,5mm sont prises avec un Fuji X70 \u00ab\u00a0qui tient dans la poche\u00a0\u00bb, en parall\u00e8le des autres boitiers.<\/p><p><strong>A partir d&rsquo;Avril 2021<\/strong> les photos sont prises avec un Canon R6, les objectifs EF pr\u00e9c\u00e9dents, progressivement abandonn\u00e9s (sauf le EF 100-400) pour les objectifs RF 35 F1.8, RF 50 F1.8, RF 14-35 F4, RF 70-200 F4, RF 24-105 F4, Samyang AF 85 F1.4, Laowa 85 F5.6. <br \/>Les m\u00e9thodes de d\u00e9veloppement restent les m\u00eames. Parfois j&rsquo;utilise aussi DxoViewPoint 5 pour les redressements importants de perspectives, AffinityPhoto 2 pour le \u00ab\u00a0focus stacking\u00a0\u00bb et The Gimp pour des retouches tr\u00e8s rares et tr\u00e8s ponctuelles (masquer un num\u00e9ro min\u00e9ralogique sur une voiture par exemple).<\/p>\t\t\t\t\t\t\t\t<\/div>\n\t\t\t\t<\/div>\n\t\t\t\t\t<\/div>\n\t\t\t\t<\/div>\n\t\t\t\t<\/div>\n\t\t","protected":false},"excerpt":{"rendered":"<p>Moyens techniques \u0152il et Lumi\u00e8re Les diapositives des ann\u00e9es 1980 furent prises avec des appareils Nikon FM et FE et les objectifs Nikkor 24mm F2.8, 50mm F2 et 135mm F2.8. Ces diapositives Ektachrome furent d\u00e9velopp\u00e9es manuellement dans mon laboratoire photo avec le proc\u00e9d\u00e9 Kodak E6. Elles furent num\u00e9ris\u00e9es\u00a0 par reproduction avec un boitier Canon R6&hellip; <a class=\"more-link\" href=\"https:\/\/emmanuel-cattier.fr\/index.php\/equipement\/\">Poursuivre la lecture <span class=\"screen-reader-text\">Equipement<\/span><\/a><\/p>\n","protected":false},"author":2,"featured_media":0,"parent":0,"menu_order":0,"comment_status":"closed","ping_status":"closed","template":"elementor_canvas","meta":{"footnotes":""},"class_list":["post-5204","page","type-page","status-publish","hentry","entry"],"_links":{"self":[{"href":"https:\/\/emmanuel-cattier.fr\/index.php\/wp-json\/wp\/v2\/pages\/5204","targetHints":{"allow":["GET"]}}],"collection":[{"href":"https:\/\/emmanuel-cattier.fr\/index.php\/wp-json\/wp\/v2\/pages"}],"about":[{"href":"https:\/\/emmanuel-cattier.fr\/index.php\/wp-json\/wp\/v2\/types\/page"}],"author":[{"embeddable":true,"href":"https:\/\/emmanuel-cattier.fr\/index.php\/wp-json\/wp\/v2\/users\/2"}],"replies":[{"embeddable":true,"href":"https:\/\/emmanuel-cattier.fr\/index.php\/wp-json\/wp\/v2\/comments?post=5204"}],"version-history":[{"count":31,"href":"https:\/\/emmanuel-cattier.fr\/index.php\/wp-json\/wp\/v2\/pages\/5204\/revisions"}],"predecessor-version":[{"id":5499,"href":"https:\/\/emmanuel-cattier.fr\/index.php\/wp-json\/wp\/v2\/pages\/5204\/revisions\/5499"}],"wp:attachment":[{"href":"https:\/\/emmanuel-cattier.fr\/index.php\/wp-json\/wp\/v2\/media?parent=5204"}],"curies":[{"name":"wp","href":"https:\/\/api.w.org\/{rel}","templated":true}]}}